{"id":8698,"date":"2026-02-27T14:27:17","date_gmt":"2026-02-27T13:27:17","guid":{"rendered":"http:\/\/ckblast.www.civilnova.com\/?page_id=8698"},"modified":"2026-03-25T13:40:04","modified_gmt":"2026-03-25T12:40:04","slug":"mas-informacion","status":"publish","type":"page","link":"https:\/\/ckblast.www.civilnova.com\/en\/mas-informacion\/","title":{"rendered":"M\u00e1s informacion"},"content":{"rendered":"<div data-elementor-type=\"wp-page\" data-elementor-id=\"8698\" class=\"elementor elementor-8698\">\n\t\t\t\t\t\t<section class=\"elementor-section elementor-top-section elementor-element elementor-element-15f13266 elementor-section-boxed elementor-section-height-default elementor-section-height-default\" data-id=\"15f13266\" data-element_type=\"section\" data-e-type=\"section\">\n\t\t\t\t\t\t<div class=\"elementor-container elementor-column-gap-no\">\n\t\t\t\t\t<div class=\"elementor-column elementor-col-100 elementor-top-column elementor-element elementor-element-4f8ce5a2\" data-id=\"4f8ce5a2\" data-element_type=\"column\" data-e-type=\"column\">\n\t\t\t<div class=\"elementor-widget-wrap elementor-element-populated\">\n\t\t\t\t\t\t<div class=\"elementor-element elementor-element-7b489aa elementor-widget elementor-widget-spacer\" data-id=\"7b489aa\" data-element_type=\"widget\" data-e-type=\"widget\" data-widget_type=\"spacer.default\">\n\t\t\t\t\t\t\t<div class=\"elementor-spacer\">\n\t\t\t<div class=\"elementor-spacer-inner\"><\/div>\n\t\t<\/div>\n\t\t\t\t\t\t<\/div>\n\t\t\t\t<section class=\"elementor-section elementor-inner-section elementor-element elementor-element-5961b8e0 elementor-section-full_width elementor-section-height-default elementor-section-height-default\" data-id=\"5961b8e0\" data-element_type=\"section\" data-e-type=\"section\">\n\t\t\t\t\t\t<div class=\"elementor-container elementor-column-gap-no\">\n\t\t\t\t\t<div class=\"elementor-column elementor-col-100 elementor-inner-column elementor-element elementor-element-42142a36\" data-id=\"42142a36\" data-element_type=\"column\" data-e-type=\"column\">\n\t\t\t<div class=\"elementor-widget-wrap elementor-element-populated\">\n\t\t\t\t\t\t<div class=\"elementor-element elementor-element-c83308b elementor-widget elementor-widget-image\" data-id=\"c83308b\" data-element_type=\"widget\" data-e-type=\"widget\" data-widget_type=\"image.default\">\n\t\t\t\t\t\t\t\t\t\t\t\t\t\t\t<img decoding=\"async\" width=\"380\" height=\"90\" src=\"https:\/\/ckblast.www.civilnova.com\/wp-content\/uploads\/2026\/03\/NV_CkBlast_plus.png\" class=\"attachment-large size-large wp-image-8962\" alt=\"\" srcset=\"https:\/\/ckblast.www.civilnova.com\/wp-content\/uploads\/2026\/03\/NV_CkBlast_plus.png 380w, https:\/\/ckblast.www.civilnova.com\/wp-content\/uploads\/2026\/03\/NV_CkBlast_plus-300x71.png 300w, https:\/\/ckblast.www.civilnova.com\/wp-content\/uploads\/2026\/03\/NV_CkBlast_plus-18x4.png 18w\" sizes=\"100vw\" \/>\t\t\t\t\t\t\t\t\t\t\t\t\t\t\t<\/div>\n\t\t\t\t<div class=\"elementor-element elementor-element-10cc3ca3 elementor-widget elementor-widget-text-editor\" data-id=\"10cc3ca3\" data-element_type=\"widget\" data-e-type=\"widget\" data-widget_type=\"text-editor.default\">\n\t\t\t\t\t\t\t\t\t<p>Optimize your blasting processes with the precision and cutting edge technology that only CKBLAST can offer. Our solution is designed to transform complex data into highly efficient strategic decisions.<\/p><p>Developed entirely by Civilnova, this application stems from our extensive experience in large scale engineering and mining projects. To learn more about all the features and technical modules we offer, please consult our detailed brochure, where you will find complete specifications of our platform and real world success stories.<\/p><p>\u00a0<\/p><p>In an increasingly demanding market environment, digitizing field operations is no longer an option, but a competitive necessity. CKBLAST facilitates this transition through an intuitive interface and powerful analytical algorithms backed by Civilnova's quality seal.<\/p><p>If you'd like to learn more about how our technology can reduce operating costs and improve the environmental impact of your projects, you can download our corporate brochure below. This PDF document provides a comprehensive guide on integrating CKBLAST into your existing workflows and the competitive advantages your company will gain.<\/p>\t\t\t\t\t\t\t\t<\/div>\n\t\t\t\t<div class=\"elementor-element elementor-element-d691361 elementor-align-center elementor-widget elementor-widget-button\" data-id=\"d691361\" data-element_type=\"widget\" data-e-type=\"widget\" data-widget_type=\"button.default\">\n\t\t\t\t\t\t\t\t\t\t<a class=\"elementor-button elementor-button-link elementor-size-md\" href=\"http:\/\/ckblast.www.civilnova.com\/wp-content\/uploads\/2026\/02\/CkBlast_Brochure_2026.pdf\" download=\"\">\n\t\t\t\t\t\t<span class=\"elementor-button-content-wrapper\">\n\t\t\t\t\t\t\t\t\t<span class=\"elementor-button-text\">DOWNLOAD OUR BROCHURE<\/span>\n\t\t\t\t\t<\/span>\n\t\t\t\t\t<\/a>\n\t\t\t\t\t\t\t\t<\/div>\n\t\t\t\t\t<\/div>\n\t\t<\/div>\n\t\t\t\t\t<\/div>\n\t\t<\/section>\n\t\t\t\t\t<\/div>\n\t\t<\/div>\n\t\t\t\t\t<\/div>\n\t\t<\/section>\n\t\t<div class=\"elementor-element elementor-element-170f896 e-grid e-con-boxed e-con e-parent\" data-id=\"170f896\" data-element_type=\"container\" data-e-type=\"container\" data-settings=\"{&quot;background_background&quot;:&quot;classic&quot;}\">\n\t\t\t\t\t<div class=\"e-con-inner\">\n\t\t\t\t<div class=\"elementor-element elementor-element-a4354d2 elementor-widget elementor-widget-image\" data-id=\"a4354d2\" data-element_type=\"widget\" data-e-type=\"widget\" data-widget_type=\"image.default\">\n\t\t\t\t\t\t\t\t\t\t\t\t\t\t\t\t<a href=\"https:\/\/ances.com\/sello-eibt-ances\">\n\t\t\t\t\t\t\t<img decoding=\"async\" width=\"303\" height=\"125\" src=\"https:\/\/ckblast.www.civilnova.com\/wp-content\/uploads\/2026\/02\/EIBT.jpg\" class=\"attachment-full size-full wp-image-8662\" alt=\"\" srcset=\"https:\/\/ckblast.www.civilnova.com\/wp-content\/uploads\/2026\/02\/EIBT.jpg 303w, https:\/\/ckblast.www.civilnova.com\/wp-content\/uploads\/2026\/02\/EIBT-300x124.jpg 300w, https:\/\/ckblast.www.civilnova.com\/wp-content\/uploads\/2026\/02\/EIBT-18x7.jpg 18w\" sizes=\"100vw\" \/>\t\t\t\t\t\t\t\t<\/a>\n\t\t\t\t\t\t\t\t\t\t\t\t\t\t\t<\/div>\n\t\t\t\t\t<\/div>\n\t\t\t\t<\/div>\n\t\t\t\t<\/div>","protected":false},"excerpt":{"rendered":"<p>Optimice sus procesos de voladura con la precisi\u00f3n y tecnolog\u00eda de vanguardia que solo CKBLAST puede ofrecer. Nuestra soluci\u00f3n est\u00e1 dise\u00f1ada para transformar datos complejos en decisiones estrat\u00e9gicas de alta eficiencia. Desarrollada \u00edntegramente por Civilnova, esta aplicaci\u00f3n nace de la experiencia acumulada en grandes proyectos de ingenier\u00eda y miner\u00eda. Para conocer a fondo todas las &hellip; <\/p>\n<p class=\"link-more\"><a href=\"https:\/\/ckblast.www.civilnova.com\/en\/mas-informacion\/\" class=\"more-link\">Read more<span class=\"screen-reader-text\"> \u00abM\u00e1s informacion\u00bb<\/span><\/a><\/p>","protected":false},"author":1,"featured_media":0,"parent":0,"menu_order":0,"comment_status":"closed","ping_status":"closed","template":"","meta":{"inspiro_hide_title":false,"footnotes":""},"class_list":["post-8698","page","type-page","status-publish","hentry"],"featured_media_urls":[],"_links":{"self":[{"href":"https:\/\/ckblast.www.civilnova.com\/en\/wp-json\/wp\/v2\/pages\/8698","targetHints":{"allow":["GET"]}}],"collection":[{"href":"https:\/\/ckblast.www.civilnova.com\/en\/wp-json\/wp\/v2\/pages"}],"about":[{"href":"https:\/\/ckblast.www.civilnova.com\/en\/wp-json\/wp\/v2\/types\/page"}],"author":[{"embeddable":true,"href":"https:\/\/ckblast.www.civilnova.com\/en\/wp-json\/wp\/v2\/users\/1"}],"replies":[{"embeddable":true,"href":"https:\/\/ckblast.www.civilnova.com\/en\/wp-json\/wp\/v2\/comments?post=8698"}],"version-history":[{"count":46,"href":"https:\/\/ckblast.www.civilnova.com\/en\/wp-json\/wp\/v2\/pages\/8698\/revisions"}],"predecessor-version":[{"id":8966,"href":"https:\/\/ckblast.www.civilnova.com\/en\/wp-json\/wp\/v2\/pages\/8698\/revisions\/8966"}],"wp:attachment":[{"href":"https:\/\/ckblast.www.civilnova.com\/en\/wp-json\/wp\/v2\/media?parent=8698"}],"curies":[{"name":"wp","href":"https:\/\/api.w.org\/{rel}","templated":true}]}}