{"id":7094,"date":"2026-01-22T11:33:37","date_gmt":"2026-01-22T10:33:37","guid":{"rendered":"http:\/\/www.civilnova.com\/?page_id=7094"},"modified":"2026-03-11T14:38:13","modified_gmt":"2026-03-11T13:38:13","slug":"nosotros-2","status":"publish","type":"page","link":"https:\/\/ckblast.www.civilnova.com\/en\/nosotros-2\/","title":{"rendered":"About Us"},"content":{"rendered":"<div data-elementor-type=\"wp-page\" data-elementor-id=\"7094\" class=\"elementor elementor-7094\">\n\t\t\t\t\t\t<section class=\"elementor-section elementor-top-section elementor-element elementor-element-54f01ac3 elementor-section-boxed elementor-section-height-default elementor-section-height-default\" data-id=\"54f01ac3\" data-element_type=\"section\" data-e-type=\"section\">\n\t\t\t\t\t\t<div class=\"elementor-container elementor-column-gap-no\">\n\t\t\t\t\t<div class=\"elementor-column elementor-col-100 elementor-top-column elementor-element elementor-element-7c4de217\" data-id=\"7c4de217\" data-element_type=\"column\" data-e-type=\"column\">\n\t\t\t<div class=\"elementor-widget-wrap elementor-element-populated\">\n\t\t\t\t\t\t<section class=\"elementor-section elementor-inner-section elementor-element elementor-element-c40fd32 elementor-section-full_width elementor-section-height-default elementor-section-height-default\" data-id=\"c40fd32\" data-element_type=\"section\" data-e-type=\"section\">\n\t\t\t\t\t\t<div class=\"elementor-container elementor-column-gap-no\">\n\t\t\t\t\t<div class=\"elementor-column elementor-col-100 elementor-inner-column elementor-element elementor-element-54bd7ab\" data-id=\"54bd7ab\" data-element_type=\"column\" data-e-type=\"column\">\n\t\t\t<div class=\"elementor-widget-wrap elementor-element-populated\">\n\t\t\t\t\t\t<div class=\"elementor-element elementor-element-019f1f6 elementor-widget elementor-widget-text-editor\" data-id=\"019f1f6\" data-element_type=\"widget\" data-e-type=\"widget\" data-widget_type=\"text-editor.default\">\n\t\t\t\t\t\t\t\t\t<p>At CKBLAST, we are pioneers in developing technological solutions for the traceability and management of explosives in the mining and civil engineering sectors. From Asturias, we drive the digital transformation of a critical industry, combining innovation, safety, and regulatory compliance.<\/p>\t\t\t\t\t\t\t\t<\/div>\n\t\t<div class=\"elementor-element elementor-element-07f919a e-grid e-con-boxed e-con e-parent\" data-id=\"07f919a\" data-element_type=\"container\" data-e-type=\"container\">\n\t\t\t\t\t<div class=\"e-con-inner\">\n\t\t\t\t<div class=\"elementor-element elementor-element-317b7b5 elementor-widget elementor-widget-icon-box\" data-id=\"317b7b5\" data-element_type=\"widget\" data-e-type=\"widget\" data-widget_type=\"icon-box.default\">\n\t\t\t\t\t\t\t<div class=\"elementor-icon-box-wrapper\">\n\n\t\t\t\n\t\t\t\t\t\t<div class=\"elementor-icon-box-content\">\n\n\t\t\t\t\t\t\t\t\t<h3 class=\"elementor-icon-box-title\">\n\t\t\t\t\t\t<span  >\n\t\t\t\t\t\t\tOur mission\t\t\t\t\t\t<\/span>\n\t\t\t\t\t<\/h3>\n\t\t\t\t\n\t\t\t\t\t\t\t\t\t<p class=\"elementor-icon-box-description\">\n\t\t\t\t\t\tTo guarantee total control of explosives, from their origin to their final use, through digital tools that simplify processes, minimize risks and ensure compliance with European regulations.\t\t\t\t\t<\/p>\n\t\t\t\t\n\t\t\t<\/div>\n\t\t\t\n\t\t<\/div>\n\t\t\t\t\t\t<\/div>\n\t\t\t\t<div class=\"elementor-element elementor-element-350757f elementor-widget elementor-widget-icon-box\" data-id=\"350757f\" data-element_type=\"widget\" data-e-type=\"widget\" data-widget_type=\"icon-box.default\">\n\t\t\t\t\t\t\t<div class=\"elementor-icon-box-wrapper\">\n\n\t\t\t\n\t\t\t\t\t\t<div class=\"elementor-icon-box-content\">\n\n\t\t\t\t\t\t\t\t\t<h3 class=\"elementor-icon-box-title\">\n\t\t\t\t\t\t<span  >\n\t\t\t\t\t\t\tOur vision\t\t\t\t\t\t<\/span>\n\t\t\t\t\t<\/h3>\n\t\t\t\t\n\t\t\t\t\t\t\t\t\t<p class=\"elementor-icon-box-description\">\n\t\t\t\t\t\tTo be the international benchmark in explosives traceability, leading with technology, commitment and operational excellence.\t\t\t\t\t<\/p>\n\t\t\t\t\n\t\t\t<\/div>\n\t\t\t\n\t\t<\/div>\n\t\t\t\t\t\t<\/div>\n\t\t\t\t<div class=\"elementor-element elementor-element-3923e30 elementor-widget elementor-widget-icon-box\" data-id=\"3923e30\" data-element_type=\"widget\" data-e-type=\"widget\" data-widget_type=\"icon-box.default\">\n\t\t\t\t\t\t\t<div class=\"elementor-icon-box-wrapper\">\n\n\t\t\t\n\t\t\t\t\t\t<div class=\"elementor-icon-box-content\">\n\n\t\t\t\t\t\t\t\t\t<h3 class=\"elementor-icon-box-title\">\n\t\t\t\t\t\t<span  >\n\t\t\t\t\t\t\tWhat moves us\t\t\t\t\t\t<\/span>\n\t\t\t\t\t<\/h3>\n\t\t\t\t\n\t\t\t\t\t\t\t\t\t<p class=\"elementor-icon-box-description translation-block\">Safety as a non negotiable principle.\n\nAccuracy and traceability in every piece of data.\n\nTechnology at the service of the field.\n\nClose relationships with our clients and adaptation to their real needs.<\/p>\n\t\t\t\t\n\t\t\t<\/div>\n\t\t\t\n\t\t<\/div>\n\t\t\t\t\t\t<\/div>\n\t\t\t\t<div class=\"elementor-element elementor-element-3599ec8 elementor-widget elementor-widget-icon-box\" data-id=\"3599ec8\" data-element_type=\"widget\" data-e-type=\"widget\" data-widget_type=\"icon-box.default\">\n\t\t\t\t\t\t\t<div class=\"elementor-icon-box-wrapper\">\n\n\t\t\t\n\t\t\t\t\t\t<div class=\"elementor-icon-box-content\">\n\n\t\t\t\t\t\t\t\t\t<h3 class=\"elementor-icon-box-title\">\n\t\t\t\t\t\t<span  >\n\t\t\t\t\t\t\tWho are we?\t\t\t\t\t\t<\/span>\n\t\t\t\t\t<\/h3>\n\t\t\t\t\n\t\t\t\t\t\t\t\t\t<p class=\"elementor-icon-box-description\">\n\t\t\t\t\t\tA team of engineers, developers, and mining and security experts. Creators of a platform used by over 80% of the Spanish mining sector. Technology partners of major companies such as HUNOSA, ACCIONA, MATSA, and CUPA Pizarras. Advocates of digitalization, with cloud-based, mobile, and customized solutions for demanding environments.\t\t\t\t\t<\/p>\n\t\t\t\t\n\t\t\t<\/div>\n\t\t\t\n\t\t<\/div>\n\t\t\t\t\t\t<\/div>\n\t\t\t\t\t<\/div>\n\t\t\t\t<\/div>\n\t\t\t\t<div class=\"elementor-element elementor-element-a67dc89 elementor-widget elementor-widget-spacer\" data-id=\"a67dc89\" data-element_type=\"widget\" data-e-type=\"widget\" data-widget_type=\"spacer.default\">\n\t\t\t\t\t\t\t<div class=\"elementor-spacer\">\n\t\t\t<div class=\"elementor-spacer-inner\"><\/div>\n\t\t<\/div>\n\t\t\t\t\t\t<\/div>\n\t\t\t\t<div class=\"elementor-element elementor-element-d0efa52 elementor-widget elementor-widget-text-editor\" data-id=\"d0efa52\" data-element_type=\"widget\" data-e-type=\"widget\" data-widget_type=\"text-editor.default\">\n\t\t\t\t\t\t\t\t\t<p>At CKBLAST we don't just develop software: we build trust, control and a future for an industry that cannot afford mistakes.<\/p>\t\t\t\t\t\t\t\t<\/div>\n\t\t\t\t\t<\/div>\n\t\t<\/div>\n\t\t\t\t\t<\/div>\n\t\t<\/section>\n\t\t\t\t\t<\/div>\n\t\t<\/div>\n\t\t\t\t\t<\/div>\n\t\t<\/section>\n\t\t<div class=\"elementor-element elementor-element-64f78f0 e-grid e-con-boxed e-con e-parent\" data-id=\"64f78f0\" data-element_type=\"container\" data-e-type=\"container\" data-settings=\"{&quot;background_background&quot;:&quot;classic&quot;}\">\n\t\t\t\t\t<div class=\"e-con-inner\">\n\t\t\t\t<div class=\"elementor-element elementor-element-e89331d elementor-widget elementor-widget-image\" data-id=\"e89331d\" data-element_type=\"widget\" data-e-type=\"widget\" data-widget_type=\"image.default\">\n\t\t\t\t\t\t\t\t\t\t\t\t\t\t\t\t<a href=\"https:\/\/ances.com\/sello-eibt-ances\">\n\t\t\t\t\t\t\t<img decoding=\"async\" width=\"303\" height=\"125\" src=\"https:\/\/ckblast.www.civilnova.com\/wp-content\/uploads\/2026\/02\/EIBT.jpg\" class=\"attachment-full size-full wp-image-8662\" alt=\"\" srcset=\"https:\/\/ckblast.www.civilnova.com\/wp-content\/uploads\/2026\/02\/EIBT.jpg 303w, https:\/\/ckblast.www.civilnova.com\/wp-content\/uploads\/2026\/02\/EIBT-300x124.jpg 300w, https:\/\/ckblast.www.civilnova.com\/wp-content\/uploads\/2026\/02\/EIBT-18x7.jpg 18w\" sizes=\"100vw\" \/>\t\t\t\t\t\t\t\t<\/a>\n\t\t\t\t\t\t\t\t\t\t\t\t\t\t\t<\/div>\n\t\t\t\t\t<\/div>\n\t\t\t\t<\/div>\n\t\t\t\t<\/div>","protected":false},"excerpt":{"rendered":"<p>En CKBLAST somos pioneros en el desarrollo de soluciones tecnol\u00f3gicas para la trazabilidad y gesti\u00f3n de explosivos en el sector minero y de obra civil. Desde Asturias, impulsamos la transformaci\u00f3n digital de una industria cr\u00edtica, combinando innovaci\u00f3n, seguridad y cumplimiento normativo. Nuestra misi\u00f3n Garantizar el control total de los explosivos, desde su origen hasta su &hellip; <\/p>\n<p class=\"link-more\"><a href=\"https:\/\/ckblast.www.civilnova.com\/en\/nosotros-2\/\" class=\"more-link\">Read more<span class=\"screen-reader-text\"> \u00abNosotros\u00bb<\/span><\/a><\/p>","protected":false},"author":1,"featured_media":0,"parent":0,"menu_order":0,"comment_status":"closed","ping_status":"closed","template":"elementor_header_footer","meta":{"inspiro_hide_title":false,"footnotes":""},"class_list":["post-7094","page","type-page","status-publish","hentry"],"featured_media_urls":[],"_links":{"self":[{"href":"https:\/\/ckblast.www.civilnova.com\/en\/wp-json\/wp\/v2\/pages\/7094","targetHints":{"allow":["GET"]}}],"collection":[{"href":"https:\/\/ckblast.www.civilnova.com\/en\/wp-json\/wp\/v2\/pages"}],"about":[{"href":"https:\/\/ckblast.www.civilnova.com\/en\/wp-json\/wp\/v2\/types\/page"}],"author":[{"embeddable":true,"href":"https:\/\/ckblast.www.civilnova.com\/en\/wp-json\/wp\/v2\/users\/1"}],"replies":[{"embeddable":true,"href":"https:\/\/ckblast.www.civilnova.com\/en\/wp-json\/wp\/v2\/comments?post=7094"}],"version-history":[{"count":102,"href":"https:\/\/ckblast.www.civilnova.com\/en\/wp-json\/wp\/v2\/pages\/7094\/revisions"}],"predecessor-version":[{"id":8906,"href":"https:\/\/ckblast.www.civilnova.com\/en\/wp-json\/wp\/v2\/pages\/7094\/revisions\/8906"}],"wp:attachment":[{"href":"https:\/\/ckblast.www.civilnova.com\/en\/wp-json\/wp\/v2\/media?parent=7094"}],"curies":[{"name":"wp","href":"https:\/\/api.w.org\/{rel}","templated":true}]}}